{"id":530,"date":"2023-12-18T13:50:15","date_gmt":"2023-12-18T13:50:15","guid":{"rendered":"https:\/\/servalve.cl\/?page_id=530"},"modified":"2023-12-19T17:40:25","modified_gmt":"2023-12-19T17:40:25","slug":"nuestros-servicios","status":"publish","type":"page","link":"https:\/\/servalve.cl\/index.php\/nuestros-servicios\/","title":{"rendered":"Nuestros Servicios"},"content":{"rendered":"\t\t<div data-elementor-type=\"wp-page\" data-elementor-id=\"530\" class=\"elementor elementor-530\" data-elementor-settings=\"{&quot;ha_cmc_init_switcher&quot;:&quot;no&quot;}\" data-elementor-post-type=\"page\">\n\t\t\t\t<div class=\"elementor-element elementor-element-34f7110 e-flex e-con-boxed e-con e-parent\" data-id=\"34f7110\" data-element_type=\"container\" data-e-type=\"container\" data-settings=\"{&quot;background_background&quot;:&quot;classic&quot;,&quot;shape_divider_bottom&quot;:&quot;triangle-asymmetrical&quot;,&quot;_ha_eqh_enable&quot;:false}\">\n\t\t\t\t\t<div class=\"e-con-inner\">\n\t\t\t\t<div class=\"elementor-shape elementor-shape-bottom\" aria-hidden=\"true\" data-negative=\"false\">\n\t\t\t<svg xmlns=\"http:\/\/www.w3.org\/2000\/svg\" viewBox=\"0 0 1000 100\" preserveAspectRatio=\"none\">\n\t<path class=\"elementor-shape-fill\" d=\"M738,99l262-93V0H0v5.6L738,99z\"\/>\n<\/svg>\t\t<\/div>\n\t\t<div class=\"elementor-element elementor-element-24ce15e animated-slow e-flex e-con-boxed elementor-invisible e-con e-child\" data-id=\"24ce15e\" data-element_type=\"container\" data-e-type=\"container\" data-settings=\"{&quot;animation&quot;:&quot;fadeIn&quot;,&quot;_ha_eqh_enable&quot;:false}\">\n\t\t\t\t\t<div class=\"e-con-inner\">\n\t\t\t\t<div class=\"elementor-element elementor-element-ec88bfa elementor-widget elementor-widget-heading\" data-id=\"ec88bfa\" data-element_type=\"widget\" data-e-type=\"widget\" data-widget_type=\"heading.default\">\n\t\t\t\t<div class=\"elementor-widget-container\">\n\t\t\t\t\t<h2 class=\"elementor-heading-title elementor-size-default\">Nuestra \u00c1rea de Servicios<\/h2>\t\t\t\t<\/div>\n\t\t\t\t<\/div>\n\t\t\t\t\t<\/div>\n\t\t\t\t<\/div>\n\t\t\t\t\t<\/div>\n\t\t\t\t<\/div>\n\t\t<div class=\"elementor-element elementor-element-24aee1d animated-slow elementor-hidden-mobile e-flex e-con-boxed elementor-invisible e-con e-parent\" data-id=\"24aee1d\" data-element_type=\"container\" data-e-type=\"container\" data-settings=\"{&quot;animation&quot;:&quot;fadeIn&quot;,&quot;_ha_eqh_enable&quot;:false}\">\n\t\t\t\t\t<div class=\"e-con-inner\">\n\t\t<div class=\"elementor-element elementor-element-3f07ca4 e-flex e-con-boxed e-con e-child\" data-id=\"3f07ca4\" data-element_type=\"container\" data-e-type=\"container\" data-settings=\"{&quot;_ha_eqh_enable&quot;:false}\">\n\t\t\t\t\t<div class=\"e-con-inner\">\n\t\t\t\t<div class=\"elementor-element elementor-element-3de2051 elementor-widget elementor-widget-eael-image-accordion\" data-id=\"3de2051\" data-element_type=\"widget\" data-e-type=\"widget\" data-widget_type=\"eael-image-accordion.default\">\n\t\t\t\t<div class=\"elementor-widget-container\">\n\t\t\t\t\t    <div class=\"eael-img-accordion accordion-direction-horizontal eael-img-accordion-horizontal-align-center eael-img-accordion-vertical-align-center\" id=\"eael-img-accordion-3de2051\" data-img-accordion-id=\"3de2051\" data-img-accordion-type=\"on-hover\">\n                    \n            <div class=\"eael-image-accordion-hover eael-image-accordion-item overlay-active\" style=\"background-image: url(https:\/\/servalve.cl\/wp-content\/uploads\/2023\/12\/Bypass.jpg); flex: 3 1 0%;\"  tabindex=\"0\">\n                <div class=\"overlay\">\n                                        <div class=\"overlay-inner  overlay-inner-show\">\n                        <h2 class=\"img-accordion-title\">MANTENIMIENTO DE V\u00c1LVULAS CONTROL Y MANUALES<\/h2>                            <p><p>Amplia experiencia en v\u00e1lvulas de bypass de turbina y Atemperaci\u00f3n de bypass, contamos con personal especializado en este tipo de equipos, con experiencia en procesos de vapor a alta presi\u00f3n y temperatura.<\/p><\/p>\n                                            <\/div>\n                <\/div>\n            <\/div>\n                    \n            <div class=\"eael-image-accordion-hover eael-image-accordion-item\" style=\"background-image: url(https:\/\/servalve.cl\/wp-content\/uploads\/2023\/12\/Valvulas-de-control.jpg);\"  tabindex=\"0\">\n                <div class=\"overlay\">\n                                        <div class=\"overlay-inner \">\n                        <h2 class=\"img-accordion-title\">MANTENIMIENTOS ACTUADORES EL\u00c9CTRICOS, HIDRAULICOS Y   NEUM\u00c1TICOS<\/h2>                            <p><p>V\u00e1lvulas de globo, compuerta, mariposa, bola, guillotina estan entre nuestros servicios.<\/p><\/p>\n                                            <\/div>\n                <\/div>\n            <\/div>\n                    \n            <div class=\"eael-image-accordion-hover eael-image-accordion-item\" style=\"background-image: url(https:\/\/servalve.cl\/wp-content\/uploads\/2023\/12\/Actuador.jpg);\"  tabindex=\"0\">\n                <div class=\"overlay\">\n                                        <div class=\"overlay-inner \">\n                        <h2 class=\"img-accordion-title\">CALIBRACIONES Y AJUSTE DE POSICIONADORES<\/h2>                            <p><p>Realizamos mantenci\u00f3n a actuadores el\u00e9ctricos, de tipo lineal y rotativo neum\u00e1ticos de pist\u00f3n y diafragma. hidr\u00e1ulicos lineales y de tipo yugo.<\/p><\/p>\n                                            <\/div>\n                <\/div>\n            <\/div>\n                    \n            <div class=\"eael-image-accordion-hover eael-image-accordion-item\" style=\"background-image: url(https:\/\/servalve.cl\/wp-content\/uploads\/2023\/12\/posicionador.jpg);\"  tabindex=\"0\">\n                <div class=\"overlay\">\n                                        <div class=\"overlay-inner \">\n                        <h2 class=\"img-accordion-title\">PUESTAS EN SERVICIO<\/h2>                            <p><p>Nos aseguramos que sus v\u00e1lvulas proporcionen una \u00f3ptima performance, evitando perdidas por da\u00f1os por falta de ajuste al cierre o apertura.<\/p><\/p>\n                                            <\/div>\n                <\/div>\n            <\/div>\n                <\/div>\n        <style typr=\"text\/css\">\n                    #eael-img-accordion-3de2051 .eael-image-accordion-hover:hover {\n                        flex: 3 1 0% !important;\n                    }\n                    #eael-img-accordion-3de2051 .eael-image-accordion-hover:hover:hover .overlay-inner * {\n                        opacity: 1;\n                        visibility: visible;\n                        transform: none;\n                        transition: all .3s .3s;\n                    }\n                <\/style>\t\t\t\t<\/div>\n\t\t\t\t<\/div>\n\t\t\t\t\t<\/div>\n\t\t\t\t<\/div>\n\t\t\t\t\t<\/div>\n\t\t\t\t<\/div>\n\t\t<div class=\"elementor-element elementor-element-3fd75e4 animated-slow elementor-hidden-desktop elementor-hidden-tablet e-flex e-con-boxed elementor-invisible e-con e-parent\" data-id=\"3fd75e4\" data-element_type=\"container\" data-e-type=\"container\" data-settings=\"{&quot;animation&quot;:&quot;fadeIn&quot;,&quot;_ha_eqh_enable&quot;:false}\">\n\t\t\t\t\t<div class=\"e-con-inner\">\n\t\t<div class=\"elementor-element elementor-element-19091dd e-flex e-con-boxed e-con e-child\" data-id=\"19091dd\" data-element_type=\"container\" data-e-type=\"container\" data-settings=\"{&quot;_ha_eqh_enable&quot;:false}\">\n\t\t\t\t\t<div class=\"e-con-inner\">\n\t\t\t\t<div class=\"elementor-element elementor-element-538f34e elementor-widget elementor-widget-eael-image-accordion\" data-id=\"538f34e\" data-element_type=\"widget\" data-e-type=\"widget\" data-widget_type=\"eael-image-accordion.default\">\n\t\t\t\t<div class=\"elementor-widget-container\">\n\t\t\t\t\t    <div class=\"eael-img-accordion accordion-direction-horizontal eael-img-accordion-horizontal-align-center eael-img-accordion-vertical-align-center\" id=\"eael-img-accordion-538f34e\" data-img-accordion-id=\"538f34e\" data-img-accordion-type=\"on-hover\">\n                    \n            <div class=\"eael-image-accordion-hover eael-image-accordion-item overlay-active\" style=\"background-image: url(https:\/\/servalve.cl\/wp-content\/uploads\/2023\/12\/Bypass.jpg); flex: 3 1 0%;\"  tabindex=\"0\">\n                <div class=\"overlay\">\n                                        <div class=\"overlay-inner  overlay-inner-show\">\n                        <h2 class=\"img-accordion-title\">MANTENIMIENTO DE V\u00c1LVULAS CONTROL Y MANUALES<\/h2>                            <p><p>Amplia experiencia en v\u00e1lvulas de bypass de turbina y Atemperaci\u00f3n de bypass, contamos con personal especializado en este tipo de equipos, con experiencia en procesos de vapor a alta presi\u00f3n y temperatura.<\/p><\/p>\n                                            <\/div>\n                <\/div>\n            <\/div>\n                    \n            <div class=\"eael-image-accordion-hover eael-image-accordion-item\" style=\"background-image: url(https:\/\/servalve.cl\/wp-content\/uploads\/2023\/12\/Valvulas-de-control.jpg);\"  tabindex=\"0\">\n                <div class=\"overlay\">\n                                        <div class=\"overlay-inner \">\n                        <h2 class=\"img-accordion-title\">MANTENIMIENTOS ACTUADORES EL\u00c9CTRICOS, HIDRAULICOS Y   NEUM\u00c1TICOS<\/h2>                            <p><p>V\u00e1lvulas de globo, compuerta, mariposa, bola, guillotina estan entre nuestros servicios.<\/p><\/p>\n                                            <\/div>\n                <\/div>\n            <\/div>\n                    \n            <div class=\"eael-image-accordion-hover eael-image-accordion-item\" style=\"background-image: url(https:\/\/servalve.cl\/wp-content\/uploads\/2023\/12\/Actuador.jpg);\"  tabindex=\"0\">\n                <div class=\"overlay\">\n                                        <div class=\"overlay-inner \">\n                        <h2 class=\"img-accordion-title\">CALIBRACIONES Y AJUSTE DE POSICIONADORES<\/h2>                            <p><p>Realizamos mantenci\u00f3n a actuadores el\u00e9ctricos, de tipo lineal y rotativo neum\u00e1ticos de pist\u00f3n y diafragma. hidr\u00e1ulicos lineales y de tipo yugo.<\/p><\/p>\n                                            <\/div>\n                <\/div>\n            <\/div>\n                    \n            <div class=\"eael-image-accordion-hover eael-image-accordion-item\" style=\"background-image: url(https:\/\/servalve.cl\/wp-content\/uploads\/2023\/12\/posicionador.jpg);\"  tabindex=\"0\">\n                <div class=\"overlay\">\n                                        <div class=\"overlay-inner \">\n                        <h2 class=\"img-accordion-title\">PUESTAS EN SERVICIO<\/h2>                            <p><p>Nos aseguramos que sus v\u00e1lvulas proporcionen una \u00f3ptima performance, evitando perdidas por da\u00f1os por falta de ajuste al cierre o apertura.<\/p><\/p>\n                                            <\/div>\n                <\/div>\n            <\/div>\n                <\/div>\n        <style typr=\"text\/css\">\n                    #eael-img-accordion-538f34e .eael-image-accordion-hover:hover {\n                        flex: 3 1 0% !important;\n                    }\n                    #eael-img-accordion-538f34e .eael-image-accordion-hover:hover:hover .overlay-inner * {\n                        opacity: 1;\n                        visibility: visible;\n                        transform: none;\n                        transition: all .3s .3s;\n                    }\n                <\/style>\t\t\t\t<\/div>\n\t\t\t\t<\/div>\n\t\t\t\t\t<\/div>\n\t\t\t\t<\/div>\n\t\t\t\t\t<\/div>\n\t\t\t\t<\/div>\n\t\t<div class=\"elementor-element elementor-element-63450e0 e-flex e-con-boxed e-con e-parent\" data-id=\"63450e0\" data-element_type=\"container\" data-e-type=\"container\" data-settings=\"{&quot;_ha_eqh_enable&quot;:false}\">\n\t\t\t\t\t<div class=\"e-con-inner\">\n\t\t<div class=\"elementor-element elementor-element-c74728a e-con-full e-flex e-con e-child\" data-id=\"c74728a\" data-element_type=\"container\" data-e-type=\"container\" data-settings=\"{&quot;_ha_eqh_enable&quot;:false}\">\n\t\t\t\t<div class=\"elementor-element elementor-element-15b1f40f elementor-widget elementor-widget-ha-link-hover happy-addon ha-link-hover\" data-id=\"15b1f40f\" data-element_type=\"widget\" data-e-type=\"widget\" data-widget_type=\"ha-link-hover.default\">\n\t\t\t\t<div class=\"elementor-widget-container\">\n\t\t\t\t\t        <link-hover class=\"ha_content__item\">\n            <a href=\"https:\/\/servalve.cl\/index.php\/bienvenidos-a-servalve\/\" class=\"ha-link ha-link--carme\"   rel=\"nofollow\">\n                <span>Regresar al inicio<\/span>\n                <svg class=\"ha_link__graphic ha_link__graphic--stroke ha_link__graphic--scribble\" width=\"100%\" height=\"9\" viewBox=\"0 0 101 9\"><path d=\"M.426 1.973C4.144 1.567 17.77-.514 21.443 1.48 24.296 3.026 24.844 4.627 27.5 7c3.075 2.748 6.642-4.141 10.066-4.688 7.517-1.2 13.237 5.425 17.59 2.745C58.5 3 60.464-1.786 66 2c1.996 1.365 3.174 3.737 5.286 4.41 5.423 1.727 25.34-7.981 29.14-1.294\" pathLength=\"1\"\/><\/svg>\n            <\/a>\n        <\/link-hover>\t\t\t\t<\/div>\n\t\t\t\t<\/div>\n\t\t\t\t<\/div>\n\t\t<div class=\"elementor-element elementor-element-54980a5 e-con-full e-flex e-con e-child\" data-id=\"54980a5\" data-element_type=\"container\" data-e-type=\"container\" data-settings=\"{&quot;_ha_eqh_enable&quot;:false}\">\n\t\t\t\t<div class=\"elementor-element elementor-element-35e694b elementor-widget elementor-widget-ha-link-hover happy-addon ha-link-hover\" data-id=\"35e694b\" data-element_type=\"widget\" data-e-type=\"widget\" data-widget_type=\"ha-link-hover.default\">\n\t\t\t\t<div class=\"elementor-widget-container\">\n\t\t\t\t\t        <link-hover class=\"ha_content__item\">\n            <a href=\"https:\/\/servalve.cl\/index.php\/formulario-de-contacto\/\" class=\"ha-link ha-link--carme\"   rel=\"nofollow\">\n                <span>Cont\u00e1ctanos <\/span>\n                <svg class=\"ha_link__graphic ha_link__graphic--stroke ha_link__graphic--scribble\" width=\"100%\" height=\"9\" viewBox=\"0 0 101 9\"><path d=\"M.426 1.973C4.144 1.567 17.77-.514 21.443 1.48 24.296 3.026 24.844 4.627 27.5 7c3.075 2.748 6.642-4.141 10.066-4.688 7.517-1.2 13.237 5.425 17.59 2.745C58.5 3 60.464-1.786 66 2c1.996 1.365 3.174 3.737 5.286 4.41 5.423 1.727 25.34-7.981 29.14-1.294\" pathLength=\"1\"\/><\/svg>\n            <\/a>\n        <\/link-hover>\t\t\t\t<\/div>\n\t\t\t\t<\/div>\n\t\t\t\t<\/div>\n\t\t\t\t\t<\/div>\n\t\t\t\t<\/div>\n\t\t\t\t<\/div>\n\t\t","protected":false},"excerpt":{"rendered":"<p>Nuestra \u00c1rea de Servicios MANTENIMIENTO DE V\u00c1LVULAS CONTROL Y MANUALES Amplia experiencia en v\u00e1lvulas de bypass de turbina y Atemperaci\u00f3n de bypass, contamos con personal especializado en este tipo de equipos, con experiencia en procesos de vapor a alta presi\u00f3n y temperatura. MANTENIMIENTOS ACTUADORES EL\u00c9CTRICOS, HIDRAULICOS Y NEUM\u00c1TICOS V\u00e1lvulas de globo, compuerta, mariposa, bola, guillotina [&hellip;]<\/p>\n","protected":false},"author":1,"featured_media":0,"parent":0,"menu_order":0,"comment_status":"closed","ping_status":"closed","template":"elementor_header_footer","meta":{"_joinchat":[],"footnotes":""},"class_list":["post-530","page","type-page","status-publish","hentry"],"yoast_head":"<!-- This site is optimized with the Yoast SEO plugin v27.4 - https:\/\/yoast.com\/product\/yoast-seo-wordpress\/ -->\n<title>Nuestros Servicios - Servalve<\/title>\n<meta name=\"robots\" content=\"index, follow, max-snippet:-1, max-image-preview:large, max-video-preview:-1\" \/>\n<link rel=\"canonical\" href=\"https:\/\/servalve.cl\/index.php\/nuestros-servicios\/\" \/>\n<meta property=\"og:locale\" content=\"es_ES\" \/>\n<meta property=\"og:type\" content=\"article\" \/>\n<meta property=\"og:title\" content=\"Nuestros Servicios - Servalve\" \/>\n<meta property=\"og:description\" content=\"Nuestra \u00c1rea de Servicios MANTENIMIENTO DE V\u00c1LVULAS CONTROL Y MANUALES Amplia experiencia en v\u00e1lvulas de bypass de turbina y Atemperaci\u00f3n de bypass, contamos con personal especializado en este tipo de equipos, con experiencia en procesos de vapor a alta presi\u00f3n y temperatura. MANTENIMIENTOS ACTUADORES EL\u00c9CTRICOS, HIDRAULICOS Y NEUM\u00c1TICOS V\u00e1lvulas de globo, compuerta, mariposa, bola, guillotina [&hellip;]\" \/>\n<meta property=\"og:url\" content=\"https:\/\/servalve.cl\/index.php\/nuestros-servicios\/\" \/>\n<meta property=\"og:site_name\" content=\"Servalve\" \/>\n<meta property=\"article:modified_time\" content=\"2023-12-19T17:40:25+00:00\" \/>\n<meta name=\"twitter:card\" content=\"summary_large_image\" \/>\n<meta name=\"twitter:label1\" content=\"Tiempo de lectura\" \/>\n\t<meta name=\"twitter:data1\" content=\"1 minuto\" \/>\n<script type=\"application\/ld+json\" class=\"yoast-schema-graph\">{\"@context\":\"https:\\\/\\\/schema.org\",\"@graph\":[{\"@type\":\"WebPage\",\"@id\":\"https:\\\/\\\/servalve.cl\\\/index.php\\\/nuestros-servicios\\\/\",\"url\":\"https:\\\/\\\/servalve.cl\\\/index.php\\\/nuestros-servicios\\\/\",\"name\":\"Nuestros Servicios - Servalve\",\"isPartOf\":{\"@id\":\"https:\\\/\\\/servalve.cl\\\/#website\"},\"datePublished\":\"2023-12-18T13:50:15+00:00\",\"dateModified\":\"2023-12-19T17:40:25+00:00\",\"breadcrumb\":{\"@id\":\"https:\\\/\\\/servalve.cl\\\/index.php\\\/nuestros-servicios\\\/#breadcrumb\"},\"inLanguage\":\"es\",\"potentialAction\":[{\"@type\":\"ReadAction\",\"target\":[\"https:\\\/\\\/servalve.cl\\\/index.php\\\/nuestros-servicios\\\/\"]}]},{\"@type\":\"BreadcrumbList\",\"@id\":\"https:\\\/\\\/servalve.cl\\\/index.php\\\/nuestros-servicios\\\/#breadcrumb\",\"itemListElement\":[{\"@type\":\"ListItem\",\"position\":1,\"name\":\"Portada\",\"item\":\"https:\\\/\\\/servalve.cl\\\/\"},{\"@type\":\"ListItem\",\"position\":2,\"name\":\"Nuestros Servicios\"}]},{\"@type\":\"WebSite\",\"@id\":\"https:\\\/\\\/servalve.cl\\\/#website\",\"url\":\"https:\\\/\\\/servalve.cl\\\/\",\"name\":\"Servalve\",\"description\":\"V\u00e1lvulas y Mantenci\u00f3n\",\"potentialAction\":[{\"@type\":\"SearchAction\",\"target\":{\"@type\":\"EntryPoint\",\"urlTemplate\":\"https:\\\/\\\/servalve.cl\\\/?s={search_term_string}\"},\"query-input\":{\"@type\":\"PropertyValueSpecification\",\"valueRequired\":true,\"valueName\":\"search_term_string\"}}],\"inLanguage\":\"es\"}]}<\/script>\n<!-- \/ Yoast SEO plugin. -->","yoast_head_json":{"title":"Nuestros Servicios - Servalve","robots":{"index":"index","follow":"follow","max-snippet":"max-snippet:-1","max-image-preview":"max-image-preview:large","max-video-preview":"max-video-preview:-1"},"canonical":"https:\/\/servalve.cl\/index.php\/nuestros-servicios\/","og_locale":"es_ES","og_type":"article","og_title":"Nuestros Servicios - Servalve","og_description":"Nuestra \u00c1rea de Servicios MANTENIMIENTO DE V\u00c1LVULAS CONTROL Y MANUALES Amplia experiencia en v\u00e1lvulas de bypass de turbina y Atemperaci\u00f3n de bypass, contamos con personal especializado en este tipo de equipos, con experiencia en procesos de vapor a alta presi\u00f3n y temperatura. MANTENIMIENTOS ACTUADORES EL\u00c9CTRICOS, HIDRAULICOS Y NEUM\u00c1TICOS V\u00e1lvulas de globo, compuerta, mariposa, bola, guillotina [&hellip;]","og_url":"https:\/\/servalve.cl\/index.php\/nuestros-servicios\/","og_site_name":"Servalve","article_modified_time":"2023-12-19T17:40:25+00:00","twitter_card":"summary_large_image","twitter_misc":{"Tiempo de lectura":"1 minuto"},"schema":{"@context":"https:\/\/schema.org","@graph":[{"@type":"WebPage","@id":"https:\/\/servalve.cl\/index.php\/nuestros-servicios\/","url":"https:\/\/servalve.cl\/index.php\/nuestros-servicios\/","name":"Nuestros Servicios - Servalve","isPartOf":{"@id":"https:\/\/servalve.cl\/#website"},"datePublished":"2023-12-18T13:50:15+00:00","dateModified":"2023-12-19T17:40:25+00:00","breadcrumb":{"@id":"https:\/\/servalve.cl\/index.php\/nuestros-servicios\/#breadcrumb"},"inLanguage":"es","potentialAction":[{"@type":"ReadAction","target":["https:\/\/servalve.cl\/index.php\/nuestros-servicios\/"]}]},{"@type":"BreadcrumbList","@id":"https:\/\/servalve.cl\/index.php\/nuestros-servicios\/#breadcrumb","itemListElement":[{"@type":"ListItem","position":1,"name":"Portada","item":"https:\/\/servalve.cl\/"},{"@type":"ListItem","position":2,"name":"Nuestros Servicios"}]},{"@type":"WebSite","@id":"https:\/\/servalve.cl\/#website","url":"https:\/\/servalve.cl\/","name":"Servalve","description":"V\u00e1lvulas y Mantenci\u00f3n","potentialAction":[{"@type":"SearchAction","target":{"@type":"EntryPoint","urlTemplate":"https:\/\/servalve.cl\/?s={search_term_string}"},"query-input":{"@type":"PropertyValueSpecification","valueRequired":true,"valueName":"search_term_string"}}],"inLanguage":"es"}]}},"_links":{"self":[{"href":"https:\/\/servalve.cl\/index.php\/wp-json\/wp\/v2\/pages\/530","targetHints":{"allow":["GET"]}}],"collection":[{"href":"https:\/\/servalve.cl\/index.php\/wp-json\/wp\/v2\/pages"}],"about":[{"href":"https:\/\/servalve.cl\/index.php\/wp-json\/wp\/v2\/types\/page"}],"author":[{"embeddable":true,"href":"https:\/\/servalve.cl\/index.php\/wp-json\/wp\/v2\/users\/1"}],"replies":[{"embeddable":true,"href":"https:\/\/servalve.cl\/index.php\/wp-json\/wp\/v2\/comments?post=530"}],"version-history":[{"count":37,"href":"https:\/\/servalve.cl\/index.php\/wp-json\/wp\/v2\/pages\/530\/revisions"}],"predecessor-version":[{"id":846,"href":"https:\/\/servalve.cl\/index.php\/wp-json\/wp\/v2\/pages\/530\/revisions\/846"}],"wp:attachment":[{"href":"https:\/\/servalve.cl\/index.php\/wp-json\/wp\/v2\/media?parent=530"}],"curies":[{"name":"wp","href":"https:\/\/api.w.org\/{rel}","templated":true}]}}